{"id":6504,"date":"2024-06-25T16:51:16","date_gmt":"2024-06-25T16:51:16","guid":{"rendered":"https:\/\/one12.de\/?page_id=6504"},"modified":"2024-06-25T16:56:39","modified_gmt":"2024-06-25T16:56:39","slug":"blog","status":"publish","type":"page","link":"https:\/\/one12.de\/tr\/blog\/","title":{"rendered":"Blog"},"content":{"rendered":"<div data-elementor-type=\"wp-page\" data-elementor-id=\"6504\" class=\"elementor elementor-6504\" data-elementor-post-type=\"page\">\n\t\t\t\t<div class=\"elementor-element elementor-element-220d0296 e-con-full e-flex e-con e-parent\" data-id=\"220d0296\" data-element_type=\"container\" data-e-type=\"container\">\n\t\t\t\t<div class=\"elementor-element elementor-element-27142cc7 elementor-widget elementor-widget-heading\" data-id=\"27142cc7\" data-element_type=\"widget\" data-e-type=\"widget\" data-widget_type=\"heading.default\">\n\t\t\t\t<div class=\"elementor-widget-container\">\n\t\t\t\t\t<h2 class=\"elementor-heading-title elementor-size-default\">Blog<\/h2>\t\t\t\t<\/div>\n\t\t\t\t<\/div>\n\t\t\t\t<div class=\"elementor-element elementor-element-10ff92b elementor-grid-2 elementor-grid-tablet-2 elementor-grid-mobile-1 elementor-posts--thumbnail-top elementor-card-shadow-yes elementor-posts__hover-gradient elementor-widget elementor-widget-posts\" data-id=\"10ff92b\" data-element_type=\"widget\" data-e-type=\"widget\" data-settings=\"{&quot;cards_columns&quot;:&quot;2&quot;,&quot;cards_masonry&quot;:&quot;yes&quot;,&quot;cards_row_gap&quot;:{&quot;unit&quot;:&quot;px&quot;,&quot;size&quot;:40,&quot;sizes&quot;:[]},&quot;cards_columns_tablet&quot;:&quot;2&quot;,&quot;cards_columns_mobile&quot;:&quot;1&quot;,&quot;cards_row_gap_widescreen&quot;:{&quot;unit&quot;:&quot;px&quot;,&quot;size&quot;:&quot;&quot;,&quot;sizes&quot;:[]},&quot;cards_row_gap_laptop&quot;:{&quot;unit&quot;:&quot;px&quot;,&quot;size&quot;:&quot;&quot;,&quot;sizes&quot;:[]},&quot;cards_row_gap_tablet&quot;:{&quot;unit&quot;:&quot;px&quot;,&quot;size&quot;:&quot;&quot;,&quot;sizes&quot;:[]},&quot;cards_row_gap_mobile&quot;:{&quot;unit&quot;:&quot;px&quot;,&quot;size&quot;:&quot;&quot;,&quot;sizes&quot;:[]}}\" data-widget_type=\"posts.cards\">\n\t\t\t\t<div class=\"elementor-widget-container\">\n\t\t\t\t\t\t\t<div class=\"elementor-posts-container elementor-posts elementor-posts--skin-cards elementor-grid\" role=\"list\">\n\t\t\t\t<article class=\"elementor-post elementor-grid-item post-6619 post type-post status-publish format-standard has-post-thumbnail hentry category-news tag-e-commerce-trends-2024 tag-ki-gestuetzte-personalisierung tag-mobile-first-strategien tag-nachhaltigkeit-im-e-commerce tag-social-commerce\" role=\"listitem\">\n\t\t\t<div class=\"elementor-post__card\">\n\t\t\t\t<a class=\"elementor-post__thumbnail__link\" href=\"https:\/\/one12.de\/tr\/e-ti\u0307caret-trendleri\u0307-2024\/\" tabindex=\"-1\" ><div class=\"elementor-post__thumbnail\"><img fetchpriority=\"high\" decoding=\"async\" width=\"1920\" height=\"1080\" src=\"https:\/\/one12.de\/wp-content\/uploads\/2024\/07\/E-Commerce-Trends-2024-One12-1.png\" class=\"attachment-full size-full wp-image-6630\" alt=\"2024 i\u00e7in 7 nihai e-ticaret trendi\" srcset=\"https:\/\/one12.de\/wp-content\/uploads\/2024\/07\/E-Commerce-Trends-2024-One12-1.png 1920w, https:\/\/one12.de\/wp-content\/uploads\/2024\/07\/E-Commerce-Trends-2024-One12-1-300x169.png 300w, https:\/\/one12.de\/wp-content\/uploads\/2024\/07\/E-Commerce-Trends-2024-One12-1-1024x576.png 1024w, https:\/\/one12.de\/wp-content\/uploads\/2024\/07\/E-Commerce-Trends-2024-One12-1-768x432.png 768w, https:\/\/one12.de\/wp-content\/uploads\/2024\/07\/E-Commerce-Trends-2024-One12-1-1536x864.png 1536w, https:\/\/one12.de\/wp-content\/uploads\/2024\/07\/E-Commerce-Trends-2024-One12-1-18x10.png 18w\" sizes=\"(max-width: 1920px) 100vw, 1920px\" \/><\/div><\/a>\n\t\t\t\t<div class=\"elementor-post__badge\">E-ticaret trendleri 2024<\/div>\n\t\t\t\t<div class=\"elementor-post__text\">\n\t\t\t\t<h3 class=\"elementor-post__title\">\n\t\t\t<a href=\"https:\/\/one12.de\/tr\/e-ti\u0307caret-trendleri\u0307-2024\/\" >\n\t\t\t\t2024'\u00fcn 7 nihai e-ticaret trendi: f\u0131rsatlar ve zorluklar\t\t\t<\/a>\n\t\t<\/h3>\n\t\t\t\t<div class=\"elementor-post__excerpt\">\n\t\t\t<p>2024'\u00fcn 7 nihai e-ticaret trendi: f\u0131rsatlar ve zorluklar E-ticaret sekt\u00f6r\u00fc<\/p>\n\t\t<\/div>\n\t\t\n\t\t<a class=\"elementor-post__read-more\" href=\"https:\/\/one12.de\/tr\/e-ti\u0307caret-trendleri\u0307-2024\/\" aria-label=\"The 7 ultimate e-commerce trends 2024: opportunities and challenges hakk\u0131nda devam\u0131n\u0131 oku\" tabindex=\"-1\" >\n\t\t\tDaha fazla oku \"\t\t<\/a>\n\n\t\t\t\t<\/div>\n\t\t\t\t<div class=\"elementor-post__meta-data\">\n\t\t\t\t\t<span class=\"elementor-post-date\">\n\t\t\t9 Temmuz 2024\t\t<\/span>\n\t\t\t\t<\/div>\n\t\t\t\t\t<\/div>\n\t\t<\/article>\n\t\t\t\t<article class=\"elementor-post elementor-grid-item post-6373 post type-post status-publish format-standard has-post-thumbnail hentry category-news tag-e-commerce tag-ki tag-kuenstliche-intelligenz tag-kuenstliche-intelligenz-im-e-commerce\" role=\"listitem\">\n\t\t\t<div class=\"elementor-post__card\">\n\t\t\t\t<a class=\"elementor-post__thumbnail__link\" href=\"https:\/\/one12.de\/tr\/yapay-zeka-e-ti\u0307carette-devri\u0307m-yaratiyor\/\" tabindex=\"-1\" ><div class=\"elementor-post__thumbnail\"><img decoding=\"async\" width=\"1920\" height=\"1080\" src=\"https:\/\/one12.de\/wp-content\/uploads\/2024\/06\/Kuenstlich-Intelligenz-im-Ecommerce-1.png\" class=\"attachment-full size-full wp-image-6389\" alt=\"\" srcset=\"https:\/\/one12.de\/wp-content\/uploads\/2024\/06\/Kuenstlich-Intelligenz-im-Ecommerce-1.png 1920w, https:\/\/one12.de\/wp-content\/uploads\/2024\/06\/Kuenstlich-Intelligenz-im-Ecommerce-1-300x169.png 300w, https:\/\/one12.de\/wp-content\/uploads\/2024\/06\/Kuenstlich-Intelligenz-im-Ecommerce-1-1024x576.png 1024w, https:\/\/one12.de\/wp-content\/uploads\/2024\/06\/Kuenstlich-Intelligenz-im-Ecommerce-1-768x432.png 768w, https:\/\/one12.de\/wp-content\/uploads\/2024\/06\/Kuenstlich-Intelligenz-im-Ecommerce-1-1536x864.png 1536w, https:\/\/one12.de\/wp-content\/uploads\/2024\/06\/Kuenstlich-Intelligenz-im-Ecommerce-1-18x10.png 18w\" sizes=\"(max-width: 1920px) 100vw, 1920px\" \/><\/div><\/a>\n\t\t\t\t<div class=\"elementor-post__badge\">E-Ticaret<\/div>\n\t\t\t\t<div class=\"elementor-post__text\">\n\t\t\t\t<h3 class=\"elementor-post__title\">\n\t\t\t<a href=\"https:\/\/one12.de\/tr\/yapay-zeka-e-ti\u0307carette-devri\u0307m-yaratiyor\/\" >\n\t\t\t\tYapay zeka e-ticarette nas\u0131l devrim yarat\u0131yor? Ba\u015far\u0131 i\u00e7in en iyi uygulamalar ve stratejiler\t\t\t<\/a>\n\t\t<\/h3>\n\t\t\t\t<div class=\"elementor-post__excerpt\">\n\t\t\t<p>Yapay zeka e-ticarette nas\u0131l devrim yarat\u0131yor: en iyi uygulamalar ve<\/p>\n\t\t<\/div>\n\t\t\n\t\t<a class=\"elementor-post__read-more\" href=\"https:\/\/one12.de\/tr\/yapay-zeka-e-ti\u0307carette-devri\u0307m-yaratiyor\/\" aria-label=\"Yapay zeka e-ticarette nas\u0131l devrim yarat\u0131yor hakk\u0131nda daha fazla bilgi edinin: Ba\u015far\u0131 i\u00e7in en iyi uygulamalar ve stratejiler\" tabindex=\"-1\" >\n\t\t\tDaha fazla oku \"\t\t<\/a>\n\n\t\t\t\t<\/div>\n\t\t\t\t<div class=\"elementor-post__meta-data\">\n\t\t\t\t\t<span class=\"elementor-post-date\">\n\t\t\t25 Haziran 2024\t\t<\/span>\n\t\t\t\t<\/div>\n\t\t\t\t\t<\/div>\n\t\t<\/article>\n\t\t\t\t<article class=\"elementor-post elementor-grid-item post-6232 post type-post status-publish format-standard has-post-thumbnail hentry category-news tag-influencer-marketing tag-influencer-kampagnen tag-marketing-trends-2024 tag-social-media-marketing\" role=\"listitem\">\n\t\t\t<div class=\"elementor-post__card\">\n\t\t\t\t<a class=\"elementor-post__thumbnail__link\" href=\"https:\/\/one12.de\/tr\/influencer-pazarlamasi-2024te-degerli\u0307-mi\u0307\/\" tabindex=\"-1\" ><div class=\"elementor-post__thumbnail\"><img decoding=\"async\" width=\"1920\" height=\"1080\" src=\"https:\/\/one12.de\/wp-content\/uploads\/2024\/06\/INFLUENCER-MARKETING.jpg\" class=\"attachment-full size-full wp-image-6261\" alt=\"\" srcset=\"https:\/\/one12.de\/wp-content\/uploads\/2024\/06\/INFLUENCER-MARKETING.jpg 1920w, https:\/\/one12.de\/wp-content\/uploads\/2024\/06\/INFLUENCER-MARKETING-300x169.jpg 300w, https:\/\/one12.de\/wp-content\/uploads\/2024\/06\/INFLUENCER-MARKETING-1024x576.jpg 1024w, https:\/\/one12.de\/wp-content\/uploads\/2024\/06\/INFLUENCER-MARKETING-768x432.jpg 768w, https:\/\/one12.de\/wp-content\/uploads\/2024\/06\/INFLUENCER-MARKETING-1536x864.jpg 1536w, https:\/\/one12.de\/wp-content\/uploads\/2024\/06\/INFLUENCER-MARKETING-18x10.jpg 18w\" sizes=\"(max-width: 1920px) 100vw, 1920px\" \/><\/div><\/a>\n\t\t\t\t<div class=\"elementor-post__badge\">Influencer Marketing<\/div>\n\t\t\t\t<div class=\"elementor-post__text\">\n\t\t\t\t<h3 class=\"elementor-post__title\">\n\t\t\t<a href=\"https:\/\/one12.de\/tr\/influencer-pazarlamasi-2024te-degerli\u0307-mi\u0307\/\" >\n\t\t\t\tInfluencer pazarlamas\u0131 2024 y\u0131l\u0131nda hala de\u011ferli mi?\t\t\t<\/a>\n\t\t<\/h3>\n\t\t\t\t<div class=\"elementor-post__excerpt\">\n\t\t\t<p>Influencer pazarlamas\u0131 2024'te hala de\u011ferli mi? Faydalar\u0131n\u0131 ke\u015ffedin<\/p>\n\t\t<\/div>\n\t\t\n\t\t<a class=\"elementor-post__read-more\" href=\"https:\/\/one12.de\/tr\/influencer-pazarlamasi-2024te-degerli\u0307-mi\u0307\/\" aria-label=\"Influencer pazarlamas\u0131 2024&#039;te hala de\u011ferli olacak m\u0131? hakk\u0131nda devam\u0131n\u0131 oku\" tabindex=\"-1\" >\n\t\t\tDaha fazla oku \"\t\t<\/a>\n\n\t\t\t\t<\/div>\n\t\t\t\t<div class=\"elementor-post__meta-data\">\n\t\t\t\t\t<span class=\"elementor-post-date\">\n\t\t\t13 Haziran 2024\t\t<\/span>\n\t\t\t\t<\/div>\n\t\t\t\t\t<\/div>\n\t\t<\/article>\n\t\t\t\t<article class=\"elementor-post elementor-grid-item post-3664 post type-post status-publish format-standard has-post-thumbnail hentry category-fallstudien tag-marktplatz-full-service\" role=\"listitem\">\n\t\t\t<div class=\"elementor-post__card\">\n\t\t\t\t<a class=\"elementor-post__thumbnail__link\" href=\"https:\/\/one12.de\/tr\/pazar-yeri\u0307-tam-hi\u0307zmetler\/\" tabindex=\"-1\" ><div class=\"elementor-post__thumbnail\"><img loading=\"lazy\" decoding=\"async\" width=\"1920\" height=\"1080\" src=\"https:\/\/one12.de\/wp-content\/uploads\/2024\/05\/ONE12-Ecomm-system-grafik.jpg\" class=\"attachment-full size-full wp-image-5780\" alt=\"E-Ticaret Dan\u0131\u015fmanl\u0131\u011f\u0131\" srcset=\"https:\/\/one12.de\/wp-content\/uploads\/2024\/05\/ONE12-Ecomm-system-grafik.jpg 1920w, https:\/\/one12.de\/wp-content\/uploads\/2024\/05\/ONE12-Ecomm-system-grafik-300x169.jpg 300w, https:\/\/one12.de\/wp-content\/uploads\/2024\/05\/ONE12-Ecomm-system-grafik-1024x576.jpg 1024w, https:\/\/one12.de\/wp-content\/uploads\/2024\/05\/ONE12-Ecomm-system-grafik-768x432.jpg 768w, https:\/\/one12.de\/wp-content\/uploads\/2024\/05\/ONE12-Ecomm-system-grafik-1536x864.jpg 1536w, https:\/\/one12.de\/wp-content\/uploads\/2024\/05\/ONE12-Ecomm-system-grafik-18x10.jpg 18w\" sizes=\"(max-width: 1920px) 100vw, 1920px\" \/><\/div><\/a>\n\t\t\t\t<div class=\"elementor-post__badge\">Marketplace Full Service<\/div>\n\t\t\t\t<div class=\"elementor-post__text\">\n\t\t\t\t<h3 class=\"elementor-post__title\">\n\t\t\t<a href=\"https:\/\/one12.de\/tr\/pazar-yeri\u0307-tam-hi\u0307zmetler\/\" >\n\t\t\t\tMarketplace Full Services\t\t\t<\/a>\n\t\t<\/h3>\n\t\t\t\t<div class=\"elementor-post__excerpt\">\n\t\t\t<p>Pazaryeri Tam Hizmet Pazaryerlerinde ba\u015far\u0131l\u0131 Pazaryerlerinde ba\u015far\u0131<\/p>\n\t\t<\/div>\n\t\t\n\t\t<a class=\"elementor-post__read-more\" href=\"https:\/\/one12.de\/tr\/pazar-yeri\u0307-tam-hi\u0307zmetler\/\" aria-label=\"Marketplace Full Services hakk\u0131nda daha fazla bilgi edinin\" tabindex=\"-1\" >\n\t\t\tDaha fazla oku \"\t\t<\/a>\n\n\t\t\t\t<\/div>\n\t\t\t\t<div class=\"elementor-post__meta-data\">\n\t\t\t\t\t<span class=\"elementor-post-date\">\n\t\t\t29 Mart 2024\t\t<\/span>\n\t\t\t\t<\/div>\n\t\t\t\t\t<\/div>\n\t\t<\/article>\n\t\t\t\t<\/div>\n\t\t\n\t\t\t\t\t\t<\/div>\n\t\t\t\t<\/div>\n\t\t\t\t<\/div>\n\t\t\t\t<\/div>","protected":false},"excerpt":{"rendered":"<p>Blog<\/p>","protected":false},"author":2,"featured_media":0,"parent":0,"menu_order":0,"comment_status":"closed","ping_status":"closed","template":"","meta":{"footnotes":""},"class_list":["post-6504","page","type-page","status-publish","hentry"],"_links":{"self":[{"href":"https:\/\/one12.de\/tr\/wp-json\/wp\/v2\/pages\/6504","targetHints":{"allow":["GET"]}}],"collection":[{"href":"https:\/\/one12.de\/tr\/wp-json\/wp\/v2\/pages"}],"about":[{"href":"https:\/\/one12.de\/tr\/wp-json\/wp\/v2\/types\/page"}],"author":[{"embeddable":true,"href":"https:\/\/one12.de\/tr\/wp-json\/wp\/v2\/users\/2"}],"replies":[{"embeddable":true,"href":"https:\/\/one12.de\/tr\/wp-json\/wp\/v2\/comments?post=6504"}],"version-history":[{"count":0,"href":"https:\/\/one12.de\/tr\/wp-json\/wp\/v2\/pages\/6504\/revisions"}],"wp:attachment":[{"href":"https:\/\/one12.de\/tr\/wp-json\/wp\/v2\/media?parent=6504"}],"curies":[{"name":"wp","href":"https:\/\/api.w.org\/{rel}","templated":true}]}}