{"id":212,"date":"2024-03-15T16:14:51","date_gmt":"2024-03-15T16:14:51","guid":{"rendered":"https:\/\/agency1046.live-website.com\/?page_id=212"},"modified":"2025-02-13T14:53:27","modified_gmt":"2025-02-13T14:53:27","slug":"impressum","status":"publish","type":"page","link":"https:\/\/one12.de\/tr\/baski\/","title":{"rendered":"Yasal Bilgiler"},"content":{"rendered":"<div data-elementor-type=\"wp-page\" data-elementor-id=\"212\" class=\"elementor elementor-212\" data-elementor-post-type=\"page\">\n\t\t\t\t<div class=\"elementor-element elementor-element-42bdcd95 e-con-full e-flex e-con e-child\" data-id=\"42bdcd95\" data-element_type=\"container\" data-e-type=\"container\">\n\t\t\t\t<div class=\"elementor-element elementor-element-58afcd44 elementor-widget elementor-widget-bdt-marquee\" data-id=\"58afcd44\" data-element_type=\"widget\" data-e-type=\"widget\" data-settings=\"{&quot;marquee_speed&quot;:3,&quot;marquee_pause_on_hover&quot;:&quot;yes&quot;,&quot;marquee_type_text&quot;:[{&quot;marquee_content&quot;:&quot;IMPRESSUM&quot;,&quot;_id&quot;:&quot;652735e&quot;,&quot;marquee_color&quot;:&quot;&quot;}],&quot;marquee_type&quot;:&quot;text&quot;,&quot;marquee_direction&quot;:&quot;left&quot;}\" data-widget_type=\"bdt-marquee.default\">\n\t\t\t\t<div class=\"elementor-widget-container\">\n\t\t\t\t\t\r\n\r\n        <div id=\"bdt-marque-58afcd44\" class=\"bdt-marquee marquee-type-text\">\r\n            <div class=\"marquee-rolling-wrapper\">\r\n                <div class=\"marquee-rolling\">\r\n                                                                            <div class=\"marquee-content\">\r\n                                    <span class=\"marquee-title\" style=\"color:\">BASKI<\/span>\r\n                                <\/div>\r\n                                            \r\n                    \r\n                <\/div>\r\n            <\/div>\r\n        <\/div>\r\n\r\n\t\t\t\t<\/div>\n\t\t\t\t<\/div>\n\t\t\t\t<\/div>\n\t\t<div class=\"elementor-element elementor-element-193fa2a e-con-full e-flex e-con e-parent\" data-id=\"193fa2a\" data-element_type=\"container\" data-e-type=\"container\">\n\t\t\t\t<div class=\"elementor-element elementor-element-703842e elementor-widget__width-initial elementor-widget elementor-widget-heading\" data-id=\"703842e\" data-element_type=\"widget\" data-e-type=\"widget\" data-widget_type=\"heading.default\">\n\t\t\t\t<div class=\"elementor-widget-container\">\n\t\t\t\t\t<h2 class=\"elementor-heading-title elementor-size-default\">BASKI<\/h2>\t\t\t\t<\/div>\n\t\t\t\t<\/div>\n\t\t\t\t<div class=\"elementor-element elementor-element-4aca6cf elementor-widget elementor-widget-text-editor\" data-id=\"4aca6cf\" data-element_type=\"widget\" data-e-type=\"widget\" data-widget_type=\"text-editor.default\">\n\t\t\t\t<div class=\"elementor-widget-container\">\n\t\t\t\t\t\t\t\t\t<p><strong>TMG Madde 5 uyar\u0131nca bilgiler<\/strong><br \/><a href=\"https:\/\/one12.de\/tr\/\">one12.de<\/a><\/p><p><strong>One12 Ltd.<\/strong><br \/>Freiligrathstra\u00dfe 25<br \/>41238 M\u00f6nchengladbach<\/p><p><strong>Temsilci:<br \/><\/strong>Semih Nalbant<\/p><p><strong>\u0130leti\u015fim:<\/strong><br \/>Telefon: +49 1622686098<br \/>Faks: +49 2166 111120<\/p><p>Posta: hello@one12.de<\/p><p><strong>Mahkeme kayd\u0131<\/strong><br \/>M\u00f6nchengladbach yerel mahkemesi<\/p><p><strong>Kay\u0131t numaras\u0131<\/strong><br \/>HRB 22710<\/p><p><strong>USt-ID-Nummer:<\/strong>\u00a0DE370339530<br \/><strong>Steuernummer:<\/strong>\u00a0121\/5752\/6081<\/p><p>Avrupa Komisyonu, \u00e7evrimi\u00e7i uyu\u015fmazl\u0131k \u00e7\u00f6z\u00fcm\u00fc (OS) i\u00e7in burada bulabilece\u011finiz bir platform sa\u011flamaktad\u0131r:<strong>\u00a0<a href=\"https:\/\/ec.europa.eu\/consumers\/odr\/\" target=\"_blank\" rel=\"noopener\">https:\/\/ec.europa.eu\/consumers\/odr\/<\/a>.<\/strong> T\u00fcketiciler, anla\u015fmazl\u0131klar\u0131n\u0131 \u00e7\u00f6zmek i\u00e7in bu platformu kullanma se\u00e7ene\u011fine sahiptir.<\/p>\t\t\t\t\t\t\t\t<\/div>\n\t\t\t\t<\/div>\n\t\t\t\t<\/div>\n\t\t<div class=\"elementor-element elementor-element-a974834 e-con-full e-flex e-con e-parent\" data-id=\"a974834\" data-element_type=\"container\" data-e-type=\"container\">\n\t\t\t\t<div class=\"elementor-element elementor-element-fb0d878 elementor-widget__width-initial elementor-widget elementor-widget-heading\" data-id=\"fb0d878\" data-element_type=\"widget\" data-e-type=\"widget\" data-widget_type=\"heading.default\">\n\t\t\t\t<div class=\"elementor-widget-container\">\n\t\t\t\t\t<h2 class=\"elementor-heading-title elementor-size-default\">YASAL BI\u0307LGI\u0307LER\n<\/h2>\t\t\t\t<\/div>\n\t\t\t\t<\/div>\n\t\t\t\t<div class=\"elementor-element elementor-element-41bc2fb elementor-widget elementor-widget-text-editor\" data-id=\"41bc2fb\" data-element_type=\"widget\" data-e-type=\"widget\" data-widget_type=\"text-editor.default\">\n\t\t\t\t<div class=\"elementor-widget-container\">\n\t\t\t\t\t\t\t\t\t<p>One12.de web sitesinin kullan\u0131m\u0131na ili\u015fkin yasal bilgiler. Bu web sitesinin kullan\u0131m\u0131, bu web sitesine eri\u015ferek kabul etti\u011finiz a\u015fa\u011f\u0131daki h\u00fck\u00fcm ve ko\u015fullara tabidir.<\/p><p>Bu web sitesinin i\u00e7eri\u011fi telif hakk\u0131 ile korunmaktad\u0131r. One12 GmbH, bu web sitesindeki t\u00fcm resim ve metinlerin haklar\u0131na sahiptir. One12 GmbH'nin a\u00e7\u0131k yaz\u0131l\u0131 izni olmadan g\u00f6r\u00fcnt\u00fclerin veya metinlerin \u00fc\u00e7\u00fcnc\u00fc taraflara aktar\u0131lmas\u0131na veya bu bilgilerin bu t\u00fcr bir izin olmadan ba\u015fka bir sunucuya yans\u0131t\u0131lmas\u0131na veya bu web sitesindeki metin veya g\u00f6r\u00fcnt\u00fclerin de\u011fi\u015ftirilmesine veya yeniden kullan\u0131lmas\u0131na izin verilmez.<\/p>\t\t\t\t\t\t\t\t<\/div>\n\t\t\t\t<\/div>\n\t\t\t\t<\/div>\n\t\t<div class=\"elementor-element elementor-element-2beb779 e-con-full e-flex e-con e-parent\" data-id=\"2beb779\" data-element_type=\"container\" data-e-type=\"container\">\n\t\t\t\t<div class=\"elementor-element elementor-element-049937e elementor-widget__width-initial elementor-widget-mobile__width-inherit elementor-widget elementor-widget-heading\" data-id=\"049937e\" data-element_type=\"widget\" data-e-type=\"widget\" data-widget_type=\"heading.default\">\n\t\t\t\t<div class=\"elementor-widget-container\">\n\t\t\t\t\t<h2 class=\"elementor-heading-title elementor-size-default\">MARKA ADLARININ KULLANIMI<\/h2>\t\t\t\t<\/div>\n\t\t\t\t<\/div>\n\t\t\t\t<div class=\"elementor-element elementor-element-3f323d6 elementor-widget elementor-widget-text-editor\" data-id=\"3f323d6\" data-element_type=\"widget\" data-e-type=\"widget\" data-widget_type=\"text-editor.default\">\n\t\t\t\t<div class=\"elementor-widget-container\">\n\t\t\t\t\t\t\t\t\t<p>one12.de \u00fc\u00e7\u00fcnc\u00fc taraflar\u0131n haklar\u0131na ve fikri m\u00fclkiyetine sayg\u0131 duyar. Bu nedenle, korunan marka adlar\u0131n\u0131n, \u00fcr\u00fcnlerin veya benzerlerinin kullan\u0131m\u0131yla ilgili t\u00fcm \u00fc\u00e7\u00fcnc\u00fc taraf gereksinimlerine her zaman uymaya \u00e7al\u0131\u015f\u0131yoruz. Marka sahibi (veya temsilcisi) olarak bir marka ad\u0131n\u0131n istenmeyen bir form\u00fclasyonu veya kullan\u0131m\u0131yla kar\u015f\u0131la\u015f\u0131rsan\u0131z, l\u00fctfen bizimle ileti\u015fime ge\u00e7in, b\u00f6ylece bu t\u00fcr istenmeyen bir form\u00fclasyonu derhal uyarlama veya kald\u0131rma f\u0131rsat\u0131na sahip oluruz.<\/p>\t\t\t\t\t\t\t\t<\/div>\n\t\t\t\t<\/div>\n\t\t\t\t<\/div>\n\t\t<div class=\"elementor-element elementor-element-c72d90a e-con-full e-flex e-con e-parent\" data-id=\"c72d90a\" data-element_type=\"container\" data-e-type=\"container\">\n\t\t\t\t<div class=\"elementor-element elementor-element-7d1b7a1 elementor-widget__width-initial elementor-widget-mobile__width-inherit elementor-widget elementor-widget-heading\" data-id=\"7d1b7a1\" data-element_type=\"widget\" data-e-type=\"widget\" data-widget_type=\"heading.default\">\n\t\t\t\t<div class=\"elementor-widget-container\">\n\t\t\t\t\t<h2 class=\"elementor-heading-title elementor-size-default\">BI\u0307LGI\u0307 VE BA\u011eLANTILI SAYFALAR I\u0307\u00c7I\u0307N SORUMLULUK REDDI\u0307<\/h2>\t\t\t\t<\/div>\n\t\t\t\t<\/div>\n\t\t\t\t<div class=\"elementor-element elementor-element-5c26d06 elementor-widget elementor-widget-text-editor\" data-id=\"5c26d06\" data-element_type=\"widget\" data-e-type=\"widget\" data-widget_type=\"text-editor.default\">\n\t\t\t\t<div class=\"elementor-widget-container\">\n\t\t\t\t\t\t\t\t\t<p>Bu web sitesindeki bilgiler teknik veya yaz\u0131m hatalar\u0131 i\u00e7erebilir. Bu web sitesinde yer alan bilgilerin, metinlerin, grafiklerin, ba\u011flant\u0131lar\u0131n veya ba\u015fka herhangi bir \u015feyin do\u011frulu\u011funu veya eksiksizli\u011fini garanti etmiyoruz. Bilgiler \u00f6nceden haber verilmeksizin de\u011fi\u015ftirilebilir veya g\u00fcncellenebilir. \u0130\u00e7eri\u011fin dikkatli bir \u015fekilde kontrol edilmesine ra\u011fmen, one12.de harici ba\u011flant\u0131lar\u0131n i\u00e7eri\u011fi i\u00e7in hi\u00e7bir sorumluluk kabul etmez. one12.de, ba\u011flant\u0131l\u0131 sayfalar\u0131n i\u00e7eri\u011fini kendi i\u00e7eri\u011fi olarak kabul etmez; ba\u011flant\u0131l\u0131 sayfalar\u0131n operat\u00f6rleri i\u00e7eriklerinden yaln\u0131zca sorumludur. Ba\u011flant\u0131l\u0131 sitenin sa\u011flay\u0131c\u0131s\u0131, bu harici sitelerin kullan\u0131m\u0131ndan kaynaklanan herhangi bir zarardan yaln\u0131zca sorumludur.<\/p>\t\t\t\t\t\t\t\t<\/div>\n\t\t\t\t<\/div>\n\t\t\t\t<\/div>\n\t\t<div class=\"elementor-element elementor-element-556b6d3c e-flex e-con-boxed e-con e-parent\" data-id=\"556b6d3c\" data-element_type=\"container\" data-e-type=\"container\" data-settings=\"{&quot;background_background&quot;:&quot;classic&quot;}\">\n\t\t\t\t\t<div class=\"e-con-inner\">\n\t\t\t\t<div class=\"elementor-element elementor-element-61da5e80 elementor-widget elementor-widget-heading\" data-id=\"61da5e80\" data-element_type=\"widget\" data-e-type=\"widget\" data-widget_type=\"heading.default\">\n\t\t\t\t<div class=\"elementor-widget-container\">\n\t\t\t\t\t<h3 class=\"elementor-heading-title elementor-size-default\">Haber B\u00fclteni<\/h3>\t\t\t\t<\/div>\n\t\t\t\t<\/div>\n\t\t\t\t<div class=\"elementor-element elementor-element-5a021aa1 elementor-widget elementor-widget-text-editor\" data-id=\"5a021aa1\" data-element_type=\"widget\" data-e-type=\"widget\" data-widget_type=\"text-editor.default\">\n\t\t\t\t<div class=\"elementor-widget-container\">\n\t\t\t\t\t\t\t\t\t<p>Dijital ticaretle ilgili t\u00fcm \u00f6nemli haberleri do\u011frudan gelen kutunuza al\u0131n - b\u00fcltenimize abone olun ve ipu\u00e7lar\u0131n\u0131, uzman bilgilerini ve trendleri do\u011frudan e-posta ile al\u0131n<\/p>\t\t\t\t\t\t\t\t<\/div>\n\t\t\t\t<\/div>\n\t\t\t\t<div class=\"elementor-element elementor-element-34e78c88 elementor-button-align-end elementor-mobile-button-align-center elementor-widget-tablet__width-initial elementor-widget elementor-widget-form\" data-id=\"34e78c88\" data-element_type=\"widget\" data-e-type=\"widget\" data-settings=\"{&quot;button_width&quot;:&quot;40&quot;,&quot;step_next_label&quot;:&quot;Next&quot;,&quot;step_previous_label&quot;:&quot;Previous&quot;,&quot;step_type&quot;:&quot;number_text&quot;,&quot;step_icon_shape&quot;:&quot;circle&quot;}\" data-widget_type=\"form.default\">\n\t\t\t\t<div class=\"elementor-widget-container\">\n\t\t\t\t\t\t\t<form class=\"elementor-form\" method=\"post\" name=\"Newsletter Form\" aria-label=\"Newsletter Form\" action=\"\">\n\t\t\t<input type=\"hidden\" name=\"post_id\" value=\"212\"\/>\n\t\t\t<input type=\"hidden\" name=\"form_id\" value=\"34e78c88\"\/>\n\t\t\t<input type=\"hidden\" name=\"referer_title\" value=\"Impressum | one12.de\" \/>\n\n\t\t\t\t\t\t\t<input type=\"hidden\" name=\"queried_id\" value=\"212\"\/>\n\t\t\t\n\t\t\t<div class=\"elementor-form-fields-wrapper elementor-labels-\">\n\t\t\t\t\t\t\t\t<div class=\"elementor-field-type-email elementor-field-group elementor-column elementor-field-group-email elementor-col-60 elementor-sm-100 elementor-field-required\">\n\t\t\t\t\t\t\t\t\t\t\t\t<label for=\"form-field-email\" class=\"elementor-field-label elementor-screen-only\">\n\t\t\t\t\t\t\t\te-posta\t\t\t\t\t\t\t<\/label>\n\t\t\t\t\t\t\t\t\t\t\t\t\t\t<input size=\"1\" type=\"email\" name=\"form_fields[email]\" id=\"form-field-email\" class=\"elementor-field elementor-size-md  elementor-field-textual\" placeholder=\"e-posta\" required=\"required\">\n\t\t\t\t\t\t\t\t\t\t\t<\/div>\n\t\t\t\t\t\t\t\t<div class=\"elementor-field-group elementor-column elementor-field-type-submit elementor-col-40 e-form__buttons\">\n\t\t\t\t\t<button class=\"elementor-button elementor-size-md\" type=\"submit\">\n\t\t\t\t\t\t<span class=\"elementor-button-content-wrapper\">\n\t\t\t\t\t\t\t\t\t\t\t\t\t\t\t\t\t\t\t\t\t\t<span class=\"elementor-button-text\">Giri\u015f yap<\/span>\n\t\t\t\t\t\t\t\t\t\t\t\t\t<\/span>\n\t\t\t\t\t<\/button>\n\t\t\t\t<\/div>\n\t\t\t<\/div>\n\t\t<input type=\"hidden\" name=\"trp-form-language\" value=\"tr\"\/><\/form>\n\t\t\t\t\t\t<\/div>\n\t\t\t\t<\/div>\n\t\t\t\t\t<\/div>\n\t\t\t\t<\/div>\n\t\t\t\t<\/div>","protected":false},"excerpt":{"rendered":"<p>IMPRESSUM IMPRESSUM Angaben gem\u00e4\u00df \u00a7 5 TMGone12.de One12 GmbHFreiligrathstra\u00dfe 2541238 M\u00f6nchengladbach Vertreten durch:Semih Nalbant Kontakt:Telefon: +49 1622686098Fax: +49 2166 111120 Mail: hello@one12.de RegistergerichtAmtsgericht M\u00f6nchengladbach RegisternummerHRB 22710 USt-ID-Nummer:\u00a0DE370339530Steuernummer:\u00a0121\/5752\/6081 Die Europ\u00e4ische Kommission stellt eine Plattform zur Online-Streitbeilegung (OS) bereit, die Du hier findest:\u00a0https:\/\/ec.europa.eu\/consumers\/odr\/. Verbraucher haben die M\u00f6glichkeit, diese Plattform f\u00fcr die Beilegung ihrer Streitigkeiten zu nutzen. RECHTLICHE [&hellip;]<\/p>","protected":false},"author":2,"featured_media":0,"parent":0,"menu_order":0,"comment_status":"closed","ping_status":"closed","template":"","meta":{"footnotes":""},"class_list":["post-212","page","type-page","status-publish","hentry"],"_links":{"self":[{"href":"https:\/\/one12.de\/tr\/wp-json\/wp\/v2\/pages\/212","targetHints":{"allow":["GET"]}}],"collection":[{"href":"https:\/\/one12.de\/tr\/wp-json\/wp\/v2\/pages"}],"about":[{"href":"https:\/\/one12.de\/tr\/wp-json\/wp\/v2\/types\/page"}],"author":[{"embeddable":true,"href":"https:\/\/one12.de\/tr\/wp-json\/wp\/v2\/users\/2"}],"replies":[{"embeddable":true,"href":"https:\/\/one12.de\/tr\/wp-json\/wp\/v2\/comments?post=212"}],"version-history":[{"count":0,"href":"https:\/\/one12.de\/tr\/wp-json\/wp\/v2\/pages\/212\/revisions"}],"wp:attachment":[{"href":"https:\/\/one12.de\/tr\/wp-json\/wp\/v2\/media?parent=212"}],"curies":[{"name":"wp","href":"https:\/\/api.w.org\/{rel}","templated":true}]}}