{"id":94,"date":"2024-03-14T16:01:28","date_gmt":"2024-03-14T16:01:28","guid":{"rendered":"https:\/\/happy-gnu.10web.cloud\/services\/"},"modified":"2024-06-17T14:53:50","modified_gmt":"2024-06-17T14:53:50","slug":"dienstleistungen","status":"publish","type":"page","link":"https:\/\/one12.de\/en\/services\/","title":{"rendered":"Services"},"content":{"rendered":"<div data-elementor-type=\"wp-page\" data-elementor-id=\"94\" class=\"elementor elementor-94\" data-elementor-post-type=\"page\">\n\t\t\t\t<div class=\"elementor-element elementor-element-05c633c e-con-full e-flex e-con e-parent\" data-id=\"05c633c\" data-element_type=\"container\" data-e-type=\"container\" data-settings=\"{&quot;background_background&quot;:&quot;classic&quot;,&quot;sticky_parent&quot;:&quot;yes&quot;,&quot;motion_fx_motion_fx_scrolling&quot;:&quot;yes&quot;,&quot;motion_fx_opacity_effect&quot;:&quot;yes&quot;,&quot;motion_fx_opacity_direction&quot;:&quot;in-out&quot;,&quot;motion_fx_opacity_range&quot;:{&quot;unit&quot;:&quot;%&quot;,&quot;size&quot;:&quot;&quot;,&quot;sizes&quot;:{&quot;start&quot;:0,&quot;end&quot;:35}},&quot;motion_fx_range&quot;:&quot;page&quot;,&quot;sticky&quot;:&quot;top&quot;,&quot;motion_fx_opacity_level&quot;:{&quot;unit&quot;:&quot;px&quot;,&quot;size&quot;:10,&quot;sizes&quot;:[]},&quot;motion_fx_devices&quot;:[&quot;widescreen&quot;,&quot;desktop&quot;,&quot;laptop&quot;,&quot;tablet&quot;,&quot;mobile&quot;],&quot;sticky_on&quot;:[&quot;widescreen&quot;,&quot;desktop&quot;,&quot;laptop&quot;,&quot;tablet&quot;,&quot;mobile&quot;],&quot;sticky_offset&quot;:0,&quot;sticky_effects_offset&quot;:0,&quot;sticky_anchor_link_offset&quot;:0}\">\n\t\t<div class=\"elementor-element elementor-element-dd20961 e-con-full e-flex e-con e-child\" data-id=\"dd20961\" data-element_type=\"container\" data-e-type=\"container\">\n\t\t\t\t<div class=\"elementor-element elementor-element-9408f6b elementor-widget elementor-widget-bdt-marquee\" data-id=\"9408f6b\" data-element_type=\"widget\" data-e-type=\"widget\" data-settings=\"{&quot;marquee_speed&quot;:3,&quot;marquee_pause_on_hover&quot;:&quot;yes&quot;,&quot;marquee_type_text&quot;:[{&quot;marquee_content&quot;:&quot;DAS K\\u00d6NNEN WIR ALLES&quot;,&quot;_id&quot;:&quot;652735e&quot;,&quot;marquee_color&quot;:&quot;&quot;}],&quot;marquee_type&quot;:&quot;text&quot;,&quot;marquee_direction&quot;:&quot;left&quot;}\" data-widget_type=\"bdt-marquee.default\">\n\t\t\t\t<div class=\"elementor-widget-container\">\n\t\t\t\t\t\r\n\r\n        <div id=\"bdt-marque-9408f6b\" class=\"bdt-marquee marquee-type-text\">\r\n            <div class=\"marquee-rolling-wrapper\">\r\n                <div class=\"marquee-rolling\">\r\n                                                                            <div class=\"marquee-content\">\r\n                                    <span class=\"marquee-title\" style=\"color:\">WE CAN DO ALL THAT<\/span>\r\n                                <\/div>\r\n                                            \r\n                    \r\n                <\/div>\r\n            <\/div>\r\n        <\/div>\r\n\r\n\t\t\t\t<\/div>\n\t\t\t\t<\/div>\n\t\t\t\t<\/div>\n\t\t\t\t<\/div>\n\t\t<div class=\"elementor-element elementor-element-70725ef e-con-full e-flex e-con e-parent\" data-id=\"70725ef\" data-element_type=\"container\" data-e-type=\"container\" data-settings=\"{&quot;background_background&quot;:&quot;classic&quot;}\">\n\t\t<div class=\"elementor-element elementor-element-1ee1c8b e-con-full e-flex e-con e-child\" data-id=\"1ee1c8b\" data-element_type=\"container\" data-e-type=\"container\" data-settings=\"{&quot;background_background&quot;:&quot;classic&quot;}\">\n\t\t\t\t<div class=\"elementor-element elementor-element-726ffc5 elementor-widget elementor-widget-heading\" data-id=\"726ffc5\" data-element_type=\"widget\" data-e-type=\"widget\" data-widget_type=\"heading.default\">\n\t\t\t\t<div class=\"elementor-widget-container\">\n\t\t\t\t\t<h2 class=\"elementor-heading-title elementor-size-default\">Fully digital? Sure, with us!<\/h2>\t\t\t\t<\/div>\n\t\t\t\t<\/div>\n\t\t\t\t<div class=\"elementor-element elementor-element-6c86eb1 elementor-widget elementor-widget-text-editor\" data-id=\"6c86eb1\" data-element_type=\"widget\" data-e-type=\"widget\" data-widget_type=\"text-editor.default\">\n\t\t\t\t<div class=\"elementor-widget-container\">\n\t\t\t\t\t\t\t\t\t<p>We provide all the essential elements for a common goal: to use the full power of digital technologies to optimally establish every project in the market! Our comprehensive understanding of the requirements of the B2C, D2C and B2B markets enables us to effectively support our clients in their digital transformation. Together, we create strong brands and innovative products and act as a strategic partner on the path to digital success. With our full-service offering, we provide everything from a single source - for a seamless and successful digital journey.<\/p>\t\t\t\t\t\t\t\t<\/div>\n\t\t\t\t<\/div>\n\t\t\t\t<\/div>\n\t\t\t\t<\/div>\n\t\t<div class=\"elementor-element elementor-element-dd7b1d5 e-flex e-con-boxed e-con e-parent\" data-id=\"dd7b1d5\" data-element_type=\"container\" data-e-type=\"container\" data-settings=\"{&quot;background_background&quot;:&quot;classic&quot;}\">\n\t\t\t\t\t<div class=\"e-con-inner\">\n\t\t<div class=\"elementor-element elementor-element-0da4cf4 e-con-full e-flex e-con e-child\" data-id=\"0da4cf4\" data-element_type=\"container\" data-e-type=\"container\">\n\t\t\t\t<div class=\"elementor-element elementor-element-0f84ae7 elementor-widget elementor-widget-image\" data-id=\"0f84ae7\" data-element_type=\"widget\" data-e-type=\"widget\" data-widget_type=\"image.default\">\n\t\t\t\t<div class=\"elementor-widget-container\">\n\t\t\t\t\t\t\t\t\t\t\t\t\t\t\t<img fetchpriority=\"high\" decoding=\"async\" width=\"1024\" height=\"1024\" src=\"https:\/\/one12.de\/wp-content\/uploads\/2024\/04\/fresh373_imagine_a_roman_sculpture_chess_player_his_sculpture_p_f36193ee-e49c-4b48-84dd-f3aae2a7f26b-Photoroom.png\" class=\"attachment-full size-full wp-image-4198\" alt=\"Marketplace Full Service\" srcset=\"https:\/\/one12.de\/wp-content\/uploads\/2024\/04\/fresh373_imagine_a_roman_sculpture_chess_player_his_sculpture_p_f36193ee-e49c-4b48-84dd-f3aae2a7f26b-Photoroom.png 1024w, https:\/\/one12.de\/wp-content\/uploads\/2024\/04\/fresh373_imagine_a_roman_sculpture_chess_player_his_sculpture_p_f36193ee-e49c-4b48-84dd-f3aae2a7f26b-Photoroom-300x300.png 300w, https:\/\/one12.de\/wp-content\/uploads\/2024\/04\/fresh373_imagine_a_roman_sculpture_chess_player_his_sculpture_p_f36193ee-e49c-4b48-84dd-f3aae2a7f26b-Photoroom-150x150.png 150w, https:\/\/one12.de\/wp-content\/uploads\/2024\/04\/fresh373_imagine_a_roman_sculpture_chess_player_his_sculpture_p_f36193ee-e49c-4b48-84dd-f3aae2a7f26b-Photoroom-768x768.png 768w, https:\/\/one12.de\/wp-content\/uploads\/2024\/04\/fresh373_imagine_a_roman_sculpture_chess_player_his_sculpture_p_f36193ee-e49c-4b48-84dd-f3aae2a7f26b-Photoroom-12x12.png 12w\" sizes=\"(max-width: 1024px) 100vw, 1024px\" \/>\t\t\t\t\t\t\t\t\t\t\t\t\t\t\t<\/div>\n\t\t\t\t<\/div>\n\t\t\t\t<\/div>\n\t\t<div class=\"elementor-element elementor-element-f5a975f e-con-full e-flex e-con e-child\" data-id=\"f5a975f\" data-element_type=\"container\" data-e-type=\"container\">\n\t\t<div class=\"elementor-element elementor-element-639f638 e-con-full e-flex e-con e-child\" data-id=\"639f638\" data-element_type=\"container\" data-e-type=\"container\">\n\t\t\t\t<div class=\"elementor-element elementor-element-62073be elementor-widget-laptop__width-initial elementor-widget elementor-widget-heading\" data-id=\"62073be\" data-element_type=\"widget\" data-e-type=\"widget\" data-widget_type=\"heading.default\">\n\t\t\t\t<div class=\"elementor-widget-container\">\n\t\t\t\t\t<h2 class=\"elementor-heading-title elementor-size-default\">Our services<\/h2>\t\t\t\t<\/div>\n\t\t\t\t<\/div>\n\t\t\t\t<\/div>\n\t\t<div class=\"elementor-element elementor-element-c95bf39 e-con-full e-flex e-con e-child\" data-id=\"c95bf39\" data-element_type=\"container\" data-e-type=\"container\">\n\t\t<a class=\"elementor-element elementor-element-00dc975 e-con-full e-flex e-con e-child\" data-id=\"00dc975\" data-element_type=\"container\" data-e-type=\"container\" href=\"https:\/\/one12.de\/en\/marketplace-full-service\/\">\n\t\t<div class=\"elementor-element elementor-element-d704323 e-con-full e-flex e-con e-child\" data-id=\"d704323\" data-element_type=\"container\" data-e-type=\"container\">\n\t\t\t\t<div class=\"elementor-element elementor-element-9cb9dc9 elementor-widget elementor-widget-heading\" data-id=\"9cb9dc9\" data-element_type=\"widget\" data-e-type=\"widget\" data-widget_type=\"heading.default\">\n\t\t\t\t<div class=\"elementor-widget-container\">\n\t\t\t\t\t<h2 class=\"elementor-heading-title elementor-size-default\">Marketplace Full Service<\/h2>\t\t\t\t<\/div>\n\t\t\t\t<\/div>\n\t\t\t\t<div class=\"elementor-element elementor-element-648fc45 elementor-view-default elementor-widget elementor-widget-icon\" data-id=\"648fc45\" data-element_type=\"widget\" data-e-type=\"widget\" data-widget_type=\"icon.default\">\n\t\t\t\t<div class=\"elementor-widget-container\">\n\t\t\t\t\t\t\t<div class=\"elementor-icon-wrapper\">\n\t\t\t<div class=\"elementor-icon\">\n\t\t\t<svg xmlns=\"http:\/\/www.w3.org\/2000\/svg\" width=\"24\" height=\"24\" viewbox=\"0 0 24 24\"><polygon points=\"7 7 15.586 7 5.293 17.293 6.707 18.707 17 8.414 17 17 19 17 19 5 7 5 7 7\"><\/polygon><\/svg>\t\t\t<\/div>\n\t\t<\/div>\n\t\t\t\t\t\t<\/div>\n\t\t\t\t<\/div>\n\t\t\t\t<\/div>\n\t\t\t\t<div class=\"elementor-element elementor-element-1afaf3c elementor-hidden-mobile elementor-widget elementor-widget-text-editor\" data-id=\"1afaf3c\" data-element_type=\"widget\" data-e-type=\"widget\" data-widget_type=\"text-editor.default\">\n\t\t\t\t<div class=\"elementor-widget-container\">\n\t\t\t\t\t\t\t\t\t<p>We optimize your online marketplace presence through tailor-made strategies, improve sales processes, and manage business operations to maximize your e-commerce success<\/p>\t\t\t\t\t\t\t\t<\/div>\n\t\t\t\t<\/div>\n\t\t\t\t<\/a>\n\t\t<a class=\"elementor-element elementor-element-e896272 e-con-full e-flex e-con e-child\" data-id=\"e896272\" data-element_type=\"container\" data-e-type=\"container\" href=\"https:\/\/one12.de\/en\/consulting\/\">\n\t\t<div class=\"elementor-element elementor-element-b5b0288 e-con-full e-flex e-con e-child\" data-id=\"b5b0288\" data-element_type=\"container\" data-e-type=\"container\">\n\t\t\t\t<div class=\"elementor-element elementor-element-ab6c09e elementor-widget elementor-widget-heading\" data-id=\"ab6c09e\" data-element_type=\"widget\" data-e-type=\"widget\" data-widget_type=\"heading.default\">\n\t\t\t\t<div class=\"elementor-widget-container\">\n\t\t\t\t\t<h2 class=\"elementor-heading-title elementor-size-default\">Consulting<\/h2>\t\t\t\t<\/div>\n\t\t\t\t<\/div>\n\t\t\t\t<div class=\"elementor-element elementor-element-a24dcb7 elementor-view-default elementor-widget elementor-widget-icon\" data-id=\"a24dcb7\" data-element_type=\"widget\" data-e-type=\"widget\" data-widget_type=\"icon.default\">\n\t\t\t\t<div class=\"elementor-widget-container\">\n\t\t\t\t\t\t\t<div class=\"elementor-icon-wrapper\">\n\t\t\t<div class=\"elementor-icon\">\n\t\t\t<svg xmlns=\"http:\/\/www.w3.org\/2000\/svg\" width=\"24\" height=\"24\" viewbox=\"0 0 24 24\"><polygon points=\"7 7 15.586 7 5.293 17.293 6.707 18.707 17 8.414 17 17 19 17 19 5 7 5 7 7\"><\/polygon><\/svg>\t\t\t<\/div>\n\t\t<\/div>\n\t\t\t\t\t\t<\/div>\n\t\t\t\t<\/div>\n\t\t\t\t<\/div>\n\t\t\t\t<div class=\"elementor-element elementor-element-c785799 elementor-hidden-mobile elementor-widget elementor-widget-text-editor\" data-id=\"c785799\" data-element_type=\"widget\" data-e-type=\"widget\" data-widget_type=\"text-editor.default\">\n\t\t\t\t<div class=\"elementor-widget-container\">\n\t\t\t\t\t\t\t\t\t<p>Our consulting services offer in-depth analyses and individually tailored strategies to optimally position your company in the digital environment and fully exploit growth potential.<\/p>\t\t\t\t\t\t\t\t<\/div>\n\t\t\t\t<\/div>\n\t\t\t\t<\/a>\n\t\t<a class=\"elementor-element elementor-element-aaa1b99 e-con-full e-flex e-con e-child\" data-id=\"aaa1b99\" data-element_type=\"container\" data-e-type=\"container\" href=\"https:\/\/one12.de\/en\/influencer-marketing\/\">\n\t\t<div class=\"elementor-element elementor-element-cfa1a94 e-con-full e-flex e-con e-child\" data-id=\"cfa1a94\" data-element_type=\"container\" data-e-type=\"container\" data-settings=\"{&quot;background_background&quot;:&quot;classic&quot;}\">\n\t\t\t\t<div class=\"elementor-element elementor-element-e9dfab1 elementor-widget elementor-widget-heading\" data-id=\"e9dfab1\" data-element_type=\"widget\" data-e-type=\"widget\" data-widget_type=\"heading.default\">\n\t\t\t\t<div class=\"elementor-widget-container\">\n\t\t\t\t\t<h2 class=\"elementor-heading-title elementor-size-default\">Influencer marketing<\/h2>\t\t\t\t<\/div>\n\t\t\t\t<\/div>\n\t\t\t\t<div class=\"elementor-element elementor-element-45b3e4c elementor-view-default elementor-widget elementor-widget-icon\" data-id=\"45b3e4c\" data-element_type=\"widget\" data-e-type=\"widget\" data-widget_type=\"icon.default\">\n\t\t\t\t<div class=\"elementor-widget-container\">\n\t\t\t\t\t\t\t<div class=\"elementor-icon-wrapper\">\n\t\t\t<div class=\"elementor-icon\">\n\t\t\t<svg xmlns=\"http:\/\/www.w3.org\/2000\/svg\" width=\"24\" height=\"24\" viewbox=\"0 0 24 24\"><polygon points=\"7 7 15.586 7 5.293 17.293 6.707 18.707 17 8.414 17 17 19 17 19 5 7 5 7 7\"><\/polygon><\/svg>\t\t\t<\/div>\n\t\t<\/div>\n\t\t\t\t\t\t<\/div>\n\t\t\t\t<\/div>\n\t\t\t\t<\/div>\n\t\t\t\t<div class=\"elementor-element elementor-element-43cfa7d elementor-hidden-mobile elementor-widget elementor-widget-text-editor\" data-id=\"43cfa7d\" data-element_type=\"widget\" data-e-type=\"widget\" data-widget_type=\"text-editor.default\">\n\t\t\t\t<div class=\"elementor-widget-container\">\n\t\t\t\t\t\t\t\t\t<p>We connect your brand with the right influencers to create authentic brand messages that reach and engage your target audience, increasing your visibility and reach.<\/p>\t\t\t\t\t\t\t\t<\/div>\n\t\t\t\t<\/div>\n\t\t\t\t<\/a>\n\t\t<a class=\"elementor-element elementor-element-7d4a72f e-con-full e-flex e-con e-child\" data-id=\"7d4a72f\" data-element_type=\"container\" data-e-type=\"container\" href=\"https:\/\/one12.de\/en\/social-media-marketing\/\">\n\t\t<div class=\"elementor-element elementor-element-cb0ad5e e-con-full e-flex e-con e-child\" data-id=\"cb0ad5e\" data-element_type=\"container\" data-e-type=\"container\" data-settings=\"{&quot;background_background&quot;:&quot;classic&quot;}\">\n\t\t\t\t<div class=\"elementor-element elementor-element-b93b881 elementor-widget elementor-widget-heading\" data-id=\"b93b881\" data-element_type=\"widget\" data-e-type=\"widget\" data-widget_type=\"heading.default\">\n\t\t\t\t<div class=\"elementor-widget-container\">\n\t\t\t\t\t<h2 class=\"elementor-heading-title elementor-size-default\">Social Media Marketing<\/h2>\t\t\t\t<\/div>\n\t\t\t\t<\/div>\n\t\t\t\t<div class=\"elementor-element elementor-element-3783ce8 elementor-view-default elementor-widget elementor-widget-icon\" data-id=\"3783ce8\" data-element_type=\"widget\" data-e-type=\"widget\" data-widget_type=\"icon.default\">\n\t\t\t\t<div class=\"elementor-widget-container\">\n\t\t\t\t\t\t\t<div class=\"elementor-icon-wrapper\">\n\t\t\t<div class=\"elementor-icon\">\n\t\t\t<svg xmlns=\"http:\/\/www.w3.org\/2000\/svg\" width=\"24\" height=\"24\" viewbox=\"0 0 24 24\"><polygon points=\"7 7 15.586 7 5.293 17.293 6.707 18.707 17 8.414 17 17 19 17 19 5 7 5 7 7\"><\/polygon><\/svg>\t\t\t<\/div>\n\t\t<\/div>\n\t\t\t\t\t\t<\/div>\n\t\t\t\t<\/div>\n\t\t\t\t<\/div>\n\t\t\t\t<div class=\"elementor-element elementor-element-26e6975 elementor-hidden-mobile elementor-widget elementor-widget-text-editor\" data-id=\"26e6975\" data-element_type=\"widget\" data-e-type=\"widget\" data-widget_type=\"text-editor.default\">\n\t\t\t\t<div class=\"elementor-widget-container\">\n\t\t\t\t\t\t\t\t\t<p>Through strategic planning and creative campaigns, we increase your presence on social networks, encourage interaction with your target group and build a strong community around your brand.<\/p>\t\t\t\t\t\t\t\t<\/div>\n\t\t\t\t<\/div>\n\t\t\t\t<\/a>\n\t\t<a class=\"elementor-element elementor-element-a378676 e-con-full e-flex e-con e-child\" data-id=\"a378676\" data-element_type=\"container\" data-e-type=\"container\" href=\"https:\/\/one12.de\/en\/development\/\">\n\t\t<div class=\"elementor-element elementor-element-b245ea6 e-con-full e-flex e-con e-child\" data-id=\"b245ea6\" data-element_type=\"container\" data-e-type=\"container\" data-settings=\"{&quot;background_background&quot;:&quot;classic&quot;}\">\n\t\t\t\t<div class=\"elementor-element elementor-element-0ce4f83 elementor-widget elementor-widget-heading\" data-id=\"0ce4f83\" data-element_type=\"widget\" data-e-type=\"widget\" data-widget_type=\"heading.default\">\n\t\t\t\t<div class=\"elementor-widget-container\">\n\t\t\t\t\t<h2 class=\"elementor-heading-title elementor-size-default\">Development<\/h2>\t\t\t\t<\/div>\n\t\t\t\t<\/div>\n\t\t\t\t<div class=\"elementor-element elementor-element-d2c4f6d elementor-view-default elementor-widget elementor-widget-icon\" data-id=\"d2c4f6d\" data-element_type=\"widget\" data-e-type=\"widget\" data-widget_type=\"icon.default\">\n\t\t\t\t<div class=\"elementor-widget-container\">\n\t\t\t\t\t\t\t<div class=\"elementor-icon-wrapper\">\n\t\t\t<div class=\"elementor-icon\">\n\t\t\t<svg xmlns=\"http:\/\/www.w3.org\/2000\/svg\" width=\"24\" height=\"24\" viewbox=\"0 0 24 24\"><polygon points=\"7 7 15.586 7 5.293 17.293 6.707 18.707 17 8.414 17 17 19 17 19 5 7 5 7 7\"><\/polygon><\/svg>\t\t\t<\/div>\n\t\t<\/div>\n\t\t\t\t\t\t<\/div>\n\t\t\t\t<\/div>\n\t\t\t\t<\/div>\n\t\t\t\t<div class=\"elementor-element elementor-element-81c408b elementor-hidden-mobile elementor-widget elementor-widget-text-editor\" data-id=\"81c408b\" data-element_type=\"widget\" data-e-type=\"widget\" data-widget_type=\"text-editor.default\">\n\t\t\t\t<div class=\"elementor-widget-container\">\n\t\t\t\t\t\t\t\t\t<p>Our development team designs and implements customized digital solutions, from websites to complex e-commerce platforms, to drive your company's digital transformation.<\/p>\t\t\t\t\t\t\t\t<\/div>\n\t\t\t\t<\/div>\n\t\t\t\t<\/a>\n\t\t\t\t<\/div>\n\t\t\t\t<\/div>\n\t\t\t\t\t<\/div>\n\t\t\t\t<\/div>\n\t\t<div class=\"elementor-element elementor-element-6d50be29 e-con-full e-flex e-con e-parent\" data-id=\"6d50be29\" data-element_type=\"container\" data-e-type=\"container\" data-settings=\"{&quot;background_background&quot;:&quot;classic&quot;}\">\n\t\t<div class=\"elementor-element elementor-element-7fbc4a26 e-con-full e-flex e-con e-child\" data-id=\"7fbc4a26\" data-element_type=\"container\" data-e-type=\"container\">\n\t\t<div class=\"elementor-element elementor-element-c7f9fce e-con-full e-flex e-con e-child\" data-id=\"c7f9fce\" data-element_type=\"container\" data-e-type=\"container\">\n\t\t\t\t<div class=\"elementor-element elementor-element-232bbf3 premium-adv-carousel__infinite premium-adv-carousel__horizontal elementor-widget elementor-widget-premium-media-wheel\" data-id=\"232bbf3\" data-element_type=\"widget\" data-e-type=\"widget\" data-widget_type=\"premium-media-wheel.default\">\n\t\t\t\t<div class=\"elementor-widget-container\">\n\t\t\t\t\t\t\t<div class=\"premium-adv-carousel-no-lightbox premium-adv-carousel__container\" data-settings=\"{&quot;type&quot;:&quot;infinite&quot;,&quot;scroll&quot;:false,&quot;speed&quot;:25,&quot;pauseOnHover&quot;:true,&quot;dir&quot;:&quot;horizontal&quot;,&quot;reverse&quot;:&quot;normal&quot;,&quot;renderEvent&quot;:&quot;scroll&quot;}\">\r\n\r\n\t\t\t<div style=\"visibility:hidden;\" class=\"premium-adv-carousel__inner-container\">\r\n\r\n\t\t\t\t<div class=\"premium-adv-carousel__items\">\r\n\r\n\t\t\t\t\t\t\t\t<div class=\"premium-adv-carousel__item-outer-wrapper\">\r\n\t\t\t\t<div class=\"elementor-repeater-item-eb0e0ee premium-adv-carousel__item premium-adv-carousel__item-image\">\r\n\t\t\t\t\t<div class=\"premium-adv-carousel__media-wrap\">\r\n\t\t\t\t\t\t\t\t\t\t\t\t\t\t<img decoding=\"async\" src=\"https:\/\/one12.de\/wp-content\/uploads\/2024\/05\/marktplatz-logo-sw-5-e1715861346247.png\" alt=\"marketplace-logo-sw (5)\" class=\"premium-adv-carousel__item-img premium-hover-effects__none\">\r\n\t\t\t\t\t\t\t\t\t\t\t\t<\/div>\r\n\r\n\t\t\t\t\t\r\n\t\t\t\t\t\t\t\t\t<\/div>\r\n\t\t\t<\/div>\r\n\t\t\t\t\t\t<div class=\"premium-adv-carousel__item-outer-wrapper\">\r\n\t\t\t\t<div class=\"elementor-repeater-item-7aa94db premium-adv-carousel__item premium-adv-carousel__item-image\">\r\n\t\t\t\t\t<div class=\"premium-adv-carousel__media-wrap\">\r\n\t\t\t\t\t\t\t\t\t\t\t\t\t\t<img decoding=\"async\" src=\"https:\/\/one12.de\/wp-content\/uploads\/2024\/05\/marktplatz-logo-sw-6-e1715861463698.png\" alt=\"marketplace-logo-sw (6)\" class=\"premium-adv-carousel__item-img premium-hover-effects__none\">\r\n\t\t\t\t\t\t\t\t\t\t\t\t<\/div>\r\n\r\n\t\t\t\t\t\r\n\t\t\t\t\t\t\t\t\t<\/div>\r\n\t\t\t<\/div>\r\n\t\t\t\t\t\t<div class=\"premium-adv-carousel__item-outer-wrapper\">\r\n\t\t\t\t<div class=\"elementor-repeater-item-b34f583 premium-adv-carousel__item premium-adv-carousel__item-image\">\r\n\t\t\t\t\t<div class=\"premium-adv-carousel__media-wrap\">\r\n\t\t\t\t\t\t\t\t\t\t\t\t\t\t<img decoding=\"async\" src=\"https:\/\/one12.de\/wp-content\/uploads\/2024\/05\/marktplatz-logo-sw-4-e1715861372235.png\" alt=\"marketplace-logo-sw (4)\" class=\"premium-adv-carousel__item-img premium-hover-effects__none\">\r\n\t\t\t\t\t\t\t\t\t\t\t\t<\/div>\r\n\r\n\t\t\t\t\t\r\n\t\t\t\t\t\t\t\t\t<\/div>\r\n\t\t\t<\/div>\r\n\t\t\t\t\t\t<div class=\"premium-adv-carousel__item-outer-wrapper\">\r\n\t\t\t\t<div class=\"elementor-repeater-item-90ffadc premium-adv-carousel__item premium-adv-carousel__item-image\">\r\n\t\t\t\t\t<div class=\"premium-adv-carousel__media-wrap\">\r\n\t\t\t\t\t\t\t\t\t\t\t\t\t\t<img decoding=\"async\" src=\"https:\/\/one12.de\/wp-content\/uploads\/2024\/05\/shopsysteme-logos-marktplaetze-one12-1000-x-260-px.png\" alt=\"shopsysteme-logos-marktplaetze-one12 (1000 x 260 px)\" class=\"premium-adv-carousel__item-img premium-hover-effects__none\">\r\n\t\t\t\t\t\t\t\t\t\t\t\t<\/div>\r\n\r\n\t\t\t\t\t\r\n\t\t\t\t\t\t\t\t\t<\/div>\r\n\t\t\t<\/div>\r\n\t\t\t\t\t\t<div class=\"premium-adv-carousel__item-outer-wrapper\">\r\n\t\t\t\t<div class=\"elementor-repeater-item-146aba0 premium-adv-carousel__item premium-adv-carousel__item-image\">\r\n\t\t\t\t\t<div class=\"premium-adv-carousel__media-wrap\">\r\n\t\t\t\t\t\t\t\t\t\t\t\t\t\t<img decoding=\"async\" src=\"https:\/\/one12.de\/wp-content\/uploads\/2024\/05\/marktplatz-logo-sw-3-e1715861389143.png\" alt=\"marketplace-logo-sw (3)\" class=\"premium-adv-carousel__item-img premium-hover-effects__none\">\r\n\t\t\t\t\t\t\t\t\t\t\t\t<\/div>\r\n\r\n\t\t\t\t\t\r\n\t\t\t\t\t\t\t\t\t<\/div>\r\n\t\t\t<\/div>\r\n\t\t\t\t\t\t<div class=\"premium-adv-carousel__item-outer-wrapper\">\r\n\t\t\t\t<div class=\"elementor-repeater-item-486817e premium-adv-carousel__item premium-adv-carousel__item-image\">\r\n\t\t\t\t\t<div class=\"premium-adv-carousel__media-wrap\">\r\n\t\t\t\t\t\t\t\t\t\t\t\t\t\t<img decoding=\"async\" src=\"https:\/\/one12.de\/wp-content\/uploads\/2024\/05\/marktplatz-logo-sw-9-e1715861414938.png\" alt=\"marketplace-logo-sw (9)\" class=\"premium-adv-carousel__item-img premium-hover-effects__none\">\r\n\t\t\t\t\t\t\t\t\t\t\t\t<\/div>\r\n\r\n\t\t\t\t\t\r\n\t\t\t\t\t\t\t\t\t<\/div>\r\n\t\t\t<\/div>\r\n\t\t\t\t\t\t<div class=\"premium-adv-carousel__item-outer-wrapper\">\r\n\t\t\t\t<div class=\"elementor-repeater-item-faca9fd premium-adv-carousel__item premium-adv-carousel__item-image\">\r\n\t\t\t\t\t<div class=\"premium-adv-carousel__media-wrap\">\r\n\t\t\t\t\t\t\t\t\t\t\t\t\t\t<img decoding=\"async\" src=\"https:\/\/one12.de\/wp-content\/uploads\/2024\/05\/marktplatz-logo-sw-2-e1715861243604.png\" alt=\"marketplace-logo-sw (2)\" class=\"premium-adv-carousel__item-img premium-hover-effects__none\">\r\n\t\t\t\t\t\t\t\t\t\t\t\t<\/div>\r\n\r\n\t\t\t\t\t\r\n\t\t\t\t\t\t\t\t\t<\/div>\r\n\t\t\t<\/div>\r\n\t\t\t\t\t\t<div class=\"premium-adv-carousel__item-outer-wrapper\">\r\n\t\t\t\t<div class=\"elementor-repeater-item-cc7436f premium-adv-carousel__item premium-adv-carousel__item-image\">\r\n\t\t\t\t\t<div class=\"premium-adv-carousel__media-wrap\">\r\n\t\t\t\t\t\t\t\t\t\t\t\t\t\t<img decoding=\"async\" src=\"https:\/\/one12.de\/wp-content\/uploads\/2024\/05\/marktplatz-logo-sw-8-e1715861429143.png\" alt=\"marketplace-logo-sw (8)\" class=\"premium-adv-carousel__item-img premium-hover-effects__none\">\r\n\t\t\t\t\t\t\t\t\t\t\t\t<\/div>\r\n\r\n\t\t\t\t\t\r\n\t\t\t\t\t\t\t\t\t<\/div>\r\n\t\t\t<\/div>\r\n\t\t\t\t\t\t<div class=\"premium-adv-carousel__item-outer-wrapper\">\r\n\t\t\t\t<div class=\"elementor-repeater-item-b5bf295 premium-adv-carousel__item premium-adv-carousel__item-image\">\r\n\t\t\t\t\t<div class=\"premium-adv-carousel__media-wrap\">\r\n\t\t\t\t\t\t\t\t\t\t\t\t\t\t<img decoding=\"async\" src=\"https:\/\/one12.de\/wp-content\/uploads\/2024\/05\/marktplatz-logo-sw-7-e1715861445731.png\" alt=\"marketplace-logo-sw (7)\" class=\"premium-adv-carousel__item-img premium-hover-effects__none\">\r\n\t\t\t\t\t\t\t\t\t\t\t\t<\/div>\r\n\r\n\t\t\t\t\t\r\n\t\t\t\t\t\t\t\t\t<\/div>\r\n\t\t\t<\/div>\r\n\t\t\t\t\t\t\t<\/div>\r\n\t\t\t<\/div>\r\n\t\t<\/div>\r\n\t\t\t\t\t\t<\/div>\n\t\t\t\t<\/div>\n\t\t\t\t<\/div>\n\t\t\t\t<\/div>\n\t\t\t\t<\/div>\n\t\t\t\t<\/div>","protected":false},"excerpt":{"rendered":"<p>DAS K\u00d6NNEN WIR ALLES Voll digital? Klar, bei uns! Wir liefern alle essenziellen Elemente f\u00fcr ein gemeinsames Ziel: Mit der vollen Kraft digitaler Technologien jedes Projekt optimal im Markt zu etablieren! Unser umfassendes Verst\u00e4ndnis f\u00fcr die Anforderungen des B2C, D2C und B2B Marktes erm\u00f6glicht es uns, unsere Kund:innen bei ihrer digitalen Transformation effektiv zu unterst\u00fctzen. [&hellip;]<\/p>","protected":false},"author":2,"featured_media":0,"parent":0,"menu_order":0,"comment_status":"closed","ping_status":"closed","template":"","meta":{"footnotes":""},"class_list":["post-94","page","type-page","status-publish","hentry"],"_links":{"self":[{"href":"https:\/\/one12.de\/en\/wp-json\/wp\/v2\/pages\/94","targetHints":{"allow":["GET"]}}],"collection":[{"href":"https:\/\/one12.de\/en\/wp-json\/wp\/v2\/pages"}],"about":[{"href":"https:\/\/one12.de\/en\/wp-json\/wp\/v2\/types\/page"}],"author":[{"embeddable":true,"href":"https:\/\/one12.de\/en\/wp-json\/wp\/v2\/users\/2"}],"replies":[{"embeddable":true,"href":"https:\/\/one12.de\/en\/wp-json\/wp\/v2\/comments?post=94"}],"version-history":[{"count":0,"href":"https:\/\/one12.de\/en\/wp-json\/wp\/v2\/pages\/94\/revisions"}],"wp:attachment":[{"href":"https:\/\/one12.de\/en\/wp-json\/wp\/v2\/media?parent=94"}],"curies":[{"name":"wp","href":"https:\/\/api.w.org\/{rel}","templated":true}]}}